{"id":17,"date":"2025-10-05T18:10:55","date_gmt":"2025-10-05T18:10:55","guid":{"rendered":"https:\/\/www.steinundhaus.de\/?page_id=17"},"modified":"2025-10-05T18:10:55","modified_gmt":"2025-10-05T18:10:55","slug":"kontakt","status":"publish","type":"page","link":"https:\/\/www.steinundhaus.de\/?page_id=17","title":{"rendered":"Kontakt"},"content":{"rendered":"\n<p>Gerne stehen wir Ihnen zur Verf\u00fcgung! <\/p>\n\n\n\n<p>B\u00fcrozeit: Mo- Fr, 10:00 bis 15:00 Uhr<br>Bitte vereinbaren Sie einen Termin, m\u00f6chten Sie pers\u00f6nlich vorstellig werden<\/p>\n\n\n\n<div class=\"wp-block-buttons is-layout-flex wp-block-buttons-is-layout-flex\">\n<div class=\"wp-block-button\"><a class=\"wp-block-button__link has-small-font-size has-custom-font-size wp-element-button\" href=\"tel:0049308263773\">Anrufen<\/a><\/div>\n\n\n\n<div class=\"wp-block-button\"><a class=\"wp-block-button__link has-small-font-size has-custom-font-size wp-element-button\" href=\"mailto:info@steinundhaus.de\">E-Mail<\/a><\/div>\n<\/div>\n\n\n\n<p><\/p>\n\n\n\n<h4 class=\"wp-block-heading\">SHV Stein &amp; Haus Verwaltungs-GmbH <\/h4>\n\n\n\n<p><\/p>\n\n\n\n<p>Auguste-Viktoria Str. 31 14193 Berlin<\/p>\n\n\n\n<p>Telefon: (030) 8263773<\/p>\n\n\n\n<p>Telefax: (030) 8259125<\/p>\n\n\n\n<p>Hausverwaltung: <a href=\"mailto:info@steinundhaus.de\">info@steinundhaus.de<\/a> <\/p>\n\n\n\n<p>Hausbetreuer: <a href=\"mailto:hw@steinundhaus.de\">hw@steinundhaus.de<\/a><\/p>\n\n\n\n<p>B\u00fcrozeit: Mo- Fr, 10:00 bis 15:00 Uhr<\/p>\n\n\n\n<p>Bitte vereinbaren Sie einen Termin, m\u00f6chten Sie pers\u00f6nlich vorstellig werden.<\/p>\n\n\n\n<p><\/p>\n","protected":false},"excerpt":{"rendered":"<p>Gerne stehen wir Ihnen zur Verf\u00fcgung! B\u00fcrozeit: Mo- Fr, 10:00 bis 15:00 UhrBitte vereinbaren Sie einen Termin, m\u00f6chten Sie pers\u00f6nlich vorstellig werden SHV Stein &amp; Haus Verwaltungs-GmbH Auguste-Viktoria Str. 31 14193 Berlin Telefon: (030) 8263773 Telefax: (030) 8259125 Hausverwaltung: info@steinundhaus.de Hausbetreuer: hw@steinundhaus.de B\u00fcrozeit: Mo- Fr, 10:00 bis 15:00 Uhr Bitte vereinbaren Sie einen Termin, m\u00f6chten [&hellip;]<\/p>\n","protected":false},"author":1,"featured_media":0,"parent":0,"menu_order":0,"comment_status":"closed","ping_status":"closed","template":"","meta":{"footnotes":""},"class_list":["post-17","page","type-page","status-publish","hentry"],"jetpack_sharing_enabled":true,"_links":{"self":[{"href":"https:\/\/www.steinundhaus.de\/index.php?rest_route=\/wp\/v2\/pages\/17","targetHints":{"allow":["GET"]}}],"collection":[{"href":"https:\/\/www.steinundhaus.de\/index.php?rest_route=\/wp\/v2\/pages"}],"about":[{"href":"https:\/\/www.steinundhaus.de\/index.php?rest_route=\/wp\/v2\/types\/page"}],"author":[{"embeddable":true,"href":"https:\/\/www.steinundhaus.de\/index.php?rest_route=\/wp\/v2\/users\/1"}],"replies":[{"embeddable":true,"href":"https:\/\/www.steinundhaus.de\/index.php?rest_route=%2Fwp%2Fv2%2Fcomments&post=17"}],"version-history":[{"count":1,"href":"https:\/\/www.steinundhaus.de\/index.php?rest_route=\/wp\/v2\/pages\/17\/revisions"}],"predecessor-version":[{"id":19,"href":"https:\/\/www.steinundhaus.de\/index.php?rest_route=\/wp\/v2\/pages\/17\/revisions\/19"}],"wp:attachment":[{"href":"https:\/\/www.steinundhaus.de\/index.php?rest_route=%2Fwp%2Fv2%2Fmedia&parent=17"}],"curies":[{"name":"wp","href":"https:\/\/api.w.org\/{rel}","templated":true}]}}