{"id":14,"date":"2025-10-05T17:55:58","date_gmt":"2025-10-05T17:55:58","guid":{"rendered":"https:\/\/www.steinundhaus.de\/?page_id=14"},"modified":"2025-10-06T04:34:55","modified_gmt":"2025-10-06T04:34:55","slug":"herzlich-wilkommen","status":"publish","type":"page","link":"https:\/\/www.steinundhaus.de\/","title":{"rendered":"Herzlich Wilkommen"},"content":{"rendered":"\n<figure class=\"wp-block-image size-full is-resized\"><img loading=\"lazy\" decoding=\"async\" width=\"500\" height=\"69\" src=\"https:\/\/www.steinundhaus.de\/wp-content\/uploads\/2025\/10\/SHV-Logo.png\" alt=\"\" class=\"wp-image-29\" style=\"width:499px;height:auto\" srcset=\"https:\/\/www.steinundhaus.de\/wp-content\/uploads\/2025\/10\/SHV-Logo.png 500w, https:\/\/www.steinundhaus.de\/wp-content\/uploads\/2025\/10\/SHV-Logo-300x41.png 300w\" sizes=\"auto, (max-width: 500px) 100vw, 500px\" \/><\/figure>\n\n\n\n<p><\/p>\n\n\n\n<p>Hier finden Sie alle Informationen zur SHV Stein und Haus Vewaltungs-GmbH<\/p>\n\n\n\n<p><\/p>\n\n\n\n<div class=\"wp-block-buttons is-layout-flex wp-block-buttons-is-layout-flex\">\n<div class=\"wp-block-button\"><a class=\"wp-block-button__link wp-element-button\" href=\"https:\/\/www.steinundhaus.de\/?page_id=17\">Kontakt<\/a><\/div>\n\n\n\n<div class=\"wp-block-button\"><a class=\"wp-block-button__link wp-element-button\" href=\"https:\/\/www.steinundhaus.de\/?page_id=9\">Bewerbung<\/a><\/div>\n<\/div>\n\n\n\n<p><\/p>\n\n\n\n<p><\/p>\n\n\n\n<p><strong>Wir vermieten und verwalten Objekte an folgenden Standorten:<\/strong><\/p>\n\n\n\n<h4 class=\"wp-block-heading\">Deutschland:<\/h4>\n\n\n\n<p><strong>Hochmeisterplatz, Berlin<\/strong><\/p>\n\n\n\n<p>Paulsborner Str.<\/p>\n\n\n\n<p>Albrecht-Achilles-Stra\u00dfe<\/p>\n\n\n\n<p>Westf\u00e4lische Str.<\/p>\n\n\n\n<p><strong>Hohenzollerndamm, Berlin<\/strong><\/p>\n\n\n\n<p>Hohenzollerndamm 66 und 66a<\/p>\n\n\n\n<p><strong>Reichsstra\u00dfe<\/strong><\/p>\n\n\n\n<p>Reichsstra\u00dfe 85<\/p>\n\n\n\n<p><strong>Marathonallee<\/strong><\/p>\n\n\n\n<p>Marathonallee 6<\/p>\n\n\n\n<p><strong>Auguste-Viktoria Str.<\/strong><\/p>\n\n\n\n<p>Auguste-Viktoria Str. 31<\/p>\n\n\n\n<p>Auguste-Viktoria Str. 31 a<\/p>\n\n\n\n<p><strong>Lyckallee<\/strong><\/p>\n\n\n\n<p>Lyckallee 7\/9<\/p>\n\n\n\n<p><strong>Insterburgallee<\/strong><\/p>\n\n\n\n<p>Insterburgallee 15<\/p>\n\n\n\n<p><strong>Salzbrunner Str<\/strong><\/p>\n\n\n\n<p>Salzbrunner Str. 50<\/p>\n\n\n\n<p><\/p>\n\n\n\n<h4 class=\"wp-block-heading\">Irland: <\/h4>\n\n\n\n<p>Hanover Dock, Dublin<\/p>\n\n\n\n<p>Hanover Quay, Dublin<\/p>\n\n\n\n<p><\/p>\n","protected":false},"excerpt":{"rendered":"<p>Hier finden Sie alle Informationen zur SHV Stein und Haus Vewaltungs-GmbH Wir vermieten und verwalten Objekte an folgenden Standorten: Deutschland: Hochmeisterplatz, Berlin Paulsborner Str. Albrecht-Achilles-Stra\u00dfe Westf\u00e4lische Str. Hohenzollerndamm, Berlin Hohenzollerndamm 66 und 66a Reichsstra\u00dfe Reichsstra\u00dfe 85 Marathonallee Marathonallee 6 Auguste-Viktoria Str. Auguste-Viktoria Str. 31 Auguste-Viktoria Str. 31 a Lyckallee Lyckallee 7\/9 Insterburgallee Insterburgallee 15 Salzbrunner [&hellip;]<\/p>\n","protected":false},"author":1,"featured_media":0,"parent":0,"menu_order":0,"comment_status":"closed","ping_status":"closed","template":"","meta":{"footnotes":""},"class_list":["post-14","page","type-page","status-publish","hentry"],"jetpack_sharing_enabled":true,"_links":{"self":[{"href":"https:\/\/www.steinundhaus.de\/index.php?rest_route=\/wp\/v2\/pages\/14","targetHints":{"allow":["GET"]}}],"collection":[{"href":"https:\/\/www.steinundhaus.de\/index.php?rest_route=\/wp\/v2\/pages"}],"about":[{"href":"https:\/\/www.steinundhaus.de\/index.php?rest_route=\/wp\/v2\/types\/page"}],"author":[{"embeddable":true,"href":"https:\/\/www.steinundhaus.de\/index.php?rest_route=\/wp\/v2\/users\/1"}],"replies":[{"embeddable":true,"href":"https:\/\/www.steinundhaus.de\/index.php?rest_route=%2Fwp%2Fv2%2Fcomments&post=14"}],"version-history":[{"count":5,"href":"https:\/\/www.steinundhaus.de\/index.php?rest_route=\/wp\/v2\/pages\/14\/revisions"}],"predecessor-version":[{"id":31,"href":"https:\/\/www.steinundhaus.de\/index.php?rest_route=\/wp\/v2\/pages\/14\/revisions\/31"}],"wp:attachment":[{"href":"https:\/\/www.steinundhaus.de\/index.php?rest_route=%2Fwp%2Fv2%2Fmedia&parent=14"}],"curies":[{"name":"wp","href":"https:\/\/api.w.org\/{rel}","templated":true}]}}